{"id":5416,"date":"2024-12-20T00:41:46","date_gmt":"2024-12-19T23:41:46","guid":{"rendered":"https:\/\/manelfortia.com\/?page_id=5416"},"modified":"2025-10-13T20:45:55","modified_gmt":"2025-10-13T18:45:55","slug":"magali-sare-manel-fortia","status":"publish","type":"page","link":"https:\/\/manelfortia.com\/?page_id=5416","title":{"rendered":"Magal\u00ed Sare &#038; Manel Forti\u00e0"},"content":{"rendered":"\n\n\n\n<div class=\"wp-block-columns is-layout-flex wp-container-core-columns-layout-1 wp-block-columns-is-layout-flex\">\n<div class=\"wp-block-column is-layout-flow wp-block-column-is-layout-flow\" style=\"flex-basis:66.66%\">\n<p><\/p>\n\n\n\n<h5 class=\"wp-block-heading\"><em>RETORNAR:<\/em><\/h5>\n\n\n\n<p class=\"has-text-align-left\"><em>The singer from Cerdanyola del Vall\u00e8s and the double bassist from Cass\u00e0 de la Selva continue their journey together, once again surprising us with a record inspired by sea voyages and the cultural exchanges they provoke over time.<\/em><\/p>\n\n\n\n<p><em>Nowadays, although we may not travel by ship to discover and learn new cultures, the source of inspiration for the duo has been to create imaginary journeys and musical fusions that give meaning to each of the songs on this album.<\/em><\/p>\n\n\n\n<p><em>Returning to our origins after a journey where we have learned new rhythms and melodies strengthens our roots and provides a foundation that can transform without losing its essence. In this way, without detaching from the present moment, the message endures over time. It is a declaration of intent.<\/em><\/p>\n\n\n\n<p><em>We are presented with a fresh, original, and mature album, where the instrumental part is no longer limited to Manel Forti\u00e0\u2019s double bass as in the previous album, \u00abFang i N\u00favols\u00bb (2020). Here, the percussion of David Dom\u00ednguez, along with flutes, voices, bass ukulele, and other small percussions, join the group\u2019s sound spectrum to make Magal\u00ed Sare\u2019s voice shine more intensely and give character to this sound universe of Ibero-American folklore adapted to the 21st century.<\/em><\/p>\n\n\n\n<figure class=\"wp-block-embed is-type-video is-provider-youtube wp-block-embed-youtube wp-embed-aspect-16-9 wp-has-aspect-ratio\"><div class=\"wp-block-embed__wrapper\">\n<iframe loading=\"lazy\" title=\"Acidito - Magal\u00ed Sare i Manel Forti\u00e0\" width=\"920\" height=\"518\" src=\"https:\/\/www.youtube.com\/embed\/TcI4iwL6V-4?feature=oembed\" frameborder=\"0\" allow=\"accelerometer; autoplay; clipboard-write; encrypted-media; gyroscope; picture-in-picture; web-share\" referrerpolicy=\"strict-origin-when-cross-origin\" allowfullscreen><\/iframe>\n<\/div><\/figure>\n\n\n\n<figure class=\"wp-block-embed is-type-video is-provider-youtube wp-block-embed-youtube wp-embed-aspect-16-9 wp-has-aspect-ratio\"><div class=\"wp-block-embed__wrapper\">\n<iframe loading=\"lazy\" title=\"Magal\u00ed Sare &amp; Manel Forti\u00e0 - Angelitos Negros | La Terrassa\" width=\"920\" height=\"518\" src=\"https:\/\/www.youtube.com\/embed\/qGYkl_tdbHE?feature=oembed\" frameborder=\"0\" allow=\"accelerometer; autoplay; clipboard-write; encrypted-media; gyroscope; picture-in-picture; web-share\" referrerpolicy=\"strict-origin-when-cross-origin\" allowfullscreen><\/iframe>\n<\/div><\/figure>\n\n\n\n<figure class=\"wp-block-embed is-type-video is-provider-youtube wp-block-embed-youtube wp-embed-aspect-16-9 wp-has-aspect-ratio\"><div class=\"wp-block-embed__wrapper\">\n<iframe loading=\"lazy\" title=\"Magali Sare &amp; Manel Fortia live at Viljandi Folk Festival 2025\" width=\"920\" height=\"518\" src=\"https:\/\/www.youtube.com\/embed\/y4hOkZZbuoU?feature=oembed\" frameborder=\"0\" allow=\"accelerometer; autoplay; clipboard-write; encrypted-media; gyroscope; picture-in-picture; web-share\" referrerpolicy=\"strict-origin-when-cross-origin\" allowfullscreen><\/iframe>\n<\/div><\/figure>\n<\/div>\n\n\n\n<div class=\"wp-block-column is-layout-flow wp-block-column-is-layout-flow\" style=\"flex-basis:33.33%\">\n<figure class=\"wp-block-image size-full\"><img loading=\"lazy\" decoding=\"async\" width=\"8268\" height=\"12403\" src=\"https:\/\/manelfortia.com\/wp-content\/uploads\/2024\/12\/magali-sare-manel-fortia-juan-miguel-morales-8-1.jpg\" alt=\"\" class=\"wp-image-5451\"\/><\/figure>\n\n\n\n<figure class=\"wp-block-image size-full\"><img loading=\"lazy\" decoding=\"async\" width=\"8268\" height=\"5512\" src=\"https:\/\/manelfortia.com\/wp-content\/uploads\/2024\/12\/magali-sare-manel-fortia-juan-miguel-morales-3-2.jpg\" alt=\"\" class=\"wp-image-5452\"\/><\/figure>\n\n\n\n<figure class=\"wp-block-embed is-type-video is-provider-youtube wp-block-embed-youtube wp-embed-aspect-16-9 wp-has-aspect-ratio\"><div class=\"wp-block-embed__wrapper\">\n<iframe loading=\"lazy\" title=\"Magal\u00ed Sare i Manel Forti\u00e0 - Senhora de Almort\u00e3o\" width=\"920\" height=\"518\" src=\"https:\/\/www.youtube.com\/embed\/kLjtLrf81fw?feature=oembed\" frameborder=\"0\" allow=\"accelerometer; autoplay; clipboard-write; encrypted-media; gyroscope; picture-in-picture; web-share\" referrerpolicy=\"strict-origin-when-cross-origin\" allowfullscreen><\/iframe>\n<\/div><\/figure>\n\n\n\n<figure class=\"wp-block-embed is-type-video is-provider-youtube wp-block-embed-youtube wp-embed-aspect-16-9 wp-has-aspect-ratio\"><div class=\"wp-block-embed__wrapper\">\n<iframe loading=\"lazy\" title=\"TORNAR (Volver) - Magal\u00ed Sare &amp; Manel Forti\u00e0 (live session)\" width=\"920\" height=\"518\" src=\"https:\/\/www.youtube.com\/embed\/HfEwBj2FDjI?feature=oembed\" frameborder=\"0\" allow=\"accelerometer; autoplay; clipboard-write; encrypted-media; gyroscope; picture-in-picture; web-share\" referrerpolicy=\"strict-origin-when-cross-origin\" allowfullscreen><\/iframe>\n<\/div><figcaption class=\"wp-element-caption\"> <span style=\"color: rgba(255, 255, 255, 0.65);\"> <\/span><\/figcaption><\/figure>\n<\/div>\n<\/div>\n\n\n\n<h5 class=\"wp-block-heading\"><\/h5>\n\n\n\n<p><\/p>\n\n\n\n<p><\/p>\n\n\n\n<p><\/p>\n","protected":false},"excerpt":{"rendered":"<p>RETORNAR: The singer from Cerdanyola del Vall\u00e8s and the double bassist from Cass\u00e0 de la Selva continue their journey together, once again surprising us with a record inspired by sea<\/p>\n<p class=\"more-link\"><a href=\"https:\/\/manelfortia.com\/?page_id=5416\" class=\"readmore\">Seguir leyendo<svg class=\"icon icon-arrow-right\" aria-hidden=\"true\" role=\"img\"> <use href=\"#icon-arrow-right\" xlink:href=\"#icon-arrow-right\"><\/use> <\/svg><span class=\"screen-reader-text\">Magal\u00ed Sare &#038; Manel Forti\u00e0<\/span><\/a><\/p>\n","protected":false},"author":1,"featured_media":0,"parent":0,"menu_order":0,"comment_status":"closed","ping_status":"closed","template":"","meta":{"footnotes":"","_vp_format_video_url":"","_vp_image_focal_point":[]},"aioseo_notices":[],"_links":{"self":[{"href":"https:\/\/manelfortia.com\/index.php?rest_route=\/wp\/v2\/pages\/5416"}],"collection":[{"href":"https:\/\/manelfortia.com\/index.php?rest_route=\/wp\/v2\/pages"}],"about":[{"href":"https:\/\/manelfortia.com\/index.php?rest_route=\/wp\/v2\/types\/page"}],"author":[{"embeddable":true,"href":"https:\/\/manelfortia.com\/index.php?rest_route=\/wp\/v2\/users\/1"}],"replies":[{"embeddable":true,"href":"https:\/\/manelfortia.com\/index.php?rest_route=%2Fwp%2Fv2%2Fcomments&post=5416"}],"version-history":[{"count":10,"href":"https:\/\/manelfortia.com\/index.php?rest_route=\/wp\/v2\/pages\/5416\/revisions"}],"predecessor-version":[{"id":5674,"href":"https:\/\/manelfortia.com\/index.php?rest_route=\/wp\/v2\/pages\/5416\/revisions\/5674"}],"wp:attachment":[{"href":"https:\/\/manelfortia.com\/index.php?rest_route=%2Fwp%2Fv2%2Fmedia&parent=5416"}],"curies":[{"name":"wp","href":"https:\/\/api.w.org\/{rel}","templated":true}]}}