{"id":5460,"date":"2024-12-20T15:43:33","date_gmt":"2024-12-20T14:43:33","guid":{"rendered":"https:\/\/manelfortia.com\/?page_id=5460"},"modified":"2025-10-13T20:45:58","modified_gmt":"2025-10-13T18:45:58","slug":"magali-sare-manel-fortia-4","status":"publish","type":"page","link":"https:\/\/manelfortia.com\/?page_id=5460&lang=ca","title":{"rendered":"Magal\u00ed Sare &#038; Manel Forti\u00e0"},"content":{"rendered":"\n\n\n\n<div class=\"wp-block-columns is-layout-flex wp-container-core-columns-layout-1 wp-block-columns-is-layout-flex\">\n<div class=\"wp-block-column is-layout-flow wp-block-column-is-layout-flow\" style=\"flex-basis:66.66%\">\n<p><\/p>\n\n\n\n<h5 class=\"wp-block-heading\"><strong><em>RETORNAR<\/em>:<\/strong> <\/h5>\n\n\n\n<p>La cantant vallesana i el contrabaixista cassanenc segueixen fent cam\u00ed junts i ens tornen a sorprendre amb un disc inspirat en els viatges mar\u00edtims i en l\u2019intercanvi cultural que aquests provocaven en temps passats.<\/p>\n\n\n\n<p>Avui en dia ja no cal agafar un vaixell per anar a descobrir i aprendre noves cultures, \u00e9s per aix\u00f2 que la font d\u2019inspiraci\u00f3 del duet ha estat crear viatges i fusions musicals imagin\u00e0ries que donen sentit a cada una de les can\u00e7ons d\u2019aquest disc.<\/p>\n\n\n\n<p>Retornar als or\u00edgens despr\u00e9s d\u2019un viatge on hem apr\u00e8s nous ritmes i melodies, fa que s\u2019enforteixin les nostres arrels i dona peu a qu\u00e8 es puguin transformar sense perdre la seva ess\u00e8ncia. D\u2019aquesta manera, sense desvincular-se del moment present, el missatge perdura en el temps. Tota una declaraci\u00f3 d\u2019intencions.<\/p>\n\n\n\n<p>Ens trobem davant d\u2019un \u00e0lbum fresc, original i madur, on la part instrumental ja no nom\u00e9s est\u00e0 limitada al contrabaix del Manel Forti\u00e0 com en el disc anterior \u201cFang i N\u00favols\u201d (2020), sin\u00f3 que aqu\u00ed, la percussi\u00f3 del David Dom\u00ednguez i les flautes, les veus, l\u2019ukelele baix i altres percussions petites se sumen a l\u2019espectre sonor del grup per fer brillar amb m\u00e9s intensitat la veu de la Magal\u00ed Sare i donar car\u00e0cter a aquest univers sonor de folklore iberoameric\u00e0 adaptat al segle XXI.<\/p>\n\n\n\n<figure class=\"wp-block-embed is-type-video is-provider-youtube wp-block-embed-youtube wp-embed-aspect-16-9 wp-has-aspect-ratio\"><div class=\"wp-block-embed__wrapper\">\n<iframe loading=\"lazy\" title=\"TORNAR (Volver) - Magal\u00ed Sare &amp; Manel Forti\u00e0 (live session)\" width=\"920\" height=\"518\" src=\"https:\/\/www.youtube.com\/embed\/HfEwBj2FDjI?feature=oembed\" frameborder=\"0\" allow=\"accelerometer; autoplay; clipboard-write; encrypted-media; gyroscope; picture-in-picture; web-share\" referrerpolicy=\"strict-origin-when-cross-origin\" allowfullscreen><\/iframe>\n<\/div><\/figure>\n\n\n\n<figure class=\"wp-block-embed is-type-video is-provider-youtube wp-block-embed-youtube wp-embed-aspect-16-9 wp-has-aspect-ratio\"><div class=\"wp-block-embed__wrapper\">\n<iframe loading=\"lazy\" title=\"Magali Sare &amp; Manel Fortia live at Viljandi Folk Festival 2025\" width=\"920\" height=\"518\" src=\"https:\/\/www.youtube.com\/embed\/y4hOkZZbuoU?feature=oembed\" frameborder=\"0\" allow=\"accelerometer; autoplay; clipboard-write; encrypted-media; gyroscope; picture-in-picture; web-share\" referrerpolicy=\"strict-origin-when-cross-origin\" allowfullscreen><\/iframe>\n<\/div><\/figure>\n<\/div>\n\n\n\n<div class=\"wp-block-column is-layout-flow wp-block-column-is-layout-flow\" style=\"flex-basis:33.33%\">\n<figure class=\"wp-block-image size-full\"><img loading=\"lazy\" decoding=\"async\" width=\"8268\" height=\"12403\" src=\"https:\/\/manelfortia.com\/wp-content\/uploads\/2024\/12\/magali-sare-manel-fortia-juan-miguel-morales-8-1.jpg\" alt=\"\" class=\"wp-image-5451\"\/><\/figure>\n\n\n\n<figure class=\"wp-block-image size-full\"><img loading=\"lazy\" decoding=\"async\" width=\"8268\" height=\"5512\" src=\"https:\/\/manelfortia.com\/wp-content\/uploads\/2024\/12\/magali-sare-manel-fortia-juan-miguel-morales-3-2.jpg\" alt=\"\" class=\"wp-image-5452\"\/><\/figure>\n\n\n\n<figure class=\"wp-block-embed is-type-video is-provider-youtube wp-block-embed-youtube wp-embed-aspect-16-9 wp-has-aspect-ratio\"><div class=\"wp-block-embed__wrapper\">\n<iframe loading=\"lazy\" title=\"Acidito - Magal\u00ed Sare i Manel Forti\u00e0\" width=\"920\" height=\"518\" src=\"https:\/\/www.youtube.com\/embed\/TcI4iwL6V-4?feature=oembed\" frameborder=\"0\" allow=\"accelerometer; autoplay; clipboard-write; encrypted-media; gyroscope; picture-in-picture; web-share\" referrerpolicy=\"strict-origin-when-cross-origin\" allowfullscreen><\/iframe>\n<\/div><\/figure>\n\n\n\n<figure class=\"wp-block-embed is-type-video is-provider-youtube wp-block-embed-youtube wp-embed-aspect-16-9 wp-has-aspect-ratio\"><div class=\"wp-block-embed__wrapper\">\n<iframe loading=\"lazy\" title=\"Magal\u00ed Sare &amp; Manel Forti\u00e0 \u2022 La meva \u00e0via\" width=\"920\" height=\"518\" src=\"https:\/\/www.youtube.com\/embed\/lWFM5mwhXGI?feature=oembed\" frameborder=\"0\" allow=\"accelerometer; autoplay; clipboard-write; encrypted-media; gyroscope; picture-in-picture; web-share\" referrerpolicy=\"strict-origin-when-cross-origin\" allowfullscreen><\/iframe>\n<\/div><\/figure>\n<\/div>\n<\/div>\n\n\n\n<p><\/p>\n","protected":false},"excerpt":{"rendered":"<p>RETORNAR: La cantant vallesana i el contrabaixista cassanenc segueixen fent cam\u00ed junts i ens tornen a sorprendre amb un disc inspirat en els viatges mar\u00edtims i en l\u2019intercanvi cultural que<\/p>\n<p class=\"more-link\"><a href=\"https:\/\/manelfortia.com\/?page_id=5460&#038;lang=ca\" class=\"readmore\">Seguir leyendo<svg class=\"icon icon-arrow-right\" aria-hidden=\"true\" role=\"img\"> <use href=\"#icon-arrow-right\" xlink:href=\"#icon-arrow-right\"><\/use> <\/svg><span class=\"screen-reader-text\">Magal\u00ed Sare &#038; Manel Forti\u00e0<\/span><\/a><\/p>\n","protected":false},"author":1,"featured_media":0,"parent":0,"menu_order":0,"comment_status":"closed","ping_status":"closed","template":"","meta":{"footnotes":"","_vp_format_video_url":"","_vp_image_focal_point":[]},"aioseo_notices":[],"_links":{"self":[{"href":"https:\/\/manelfortia.com\/index.php?rest_route=\/wp\/v2\/pages\/5460"}],"collection":[{"href":"https:\/\/manelfortia.com\/index.php?rest_route=\/wp\/v2\/pages"}],"about":[{"href":"https:\/\/manelfortia.com\/index.php?rest_route=\/wp\/v2\/types\/page"}],"author":[{"embeddable":true,"href":"https:\/\/manelfortia.com\/index.php?rest_route=\/wp\/v2\/users\/1"}],"replies":[{"embeddable":true,"href":"https:\/\/manelfortia.com\/index.php?rest_route=%2Fwp%2Fv2%2Fcomments&post=5460"}],"version-history":[{"count":7,"href":"https:\/\/manelfortia.com\/index.php?rest_route=\/wp\/v2\/pages\/5460\/revisions"}],"predecessor-version":[{"id":5672,"href":"https:\/\/manelfortia.com\/index.php?rest_route=\/wp\/v2\/pages\/5460\/revisions\/5672"}],"wp:attachment":[{"href":"https:\/\/manelfortia.com\/index.php?rest_route=%2Fwp%2Fv2%2Fmedia&parent=5460"}],"curies":[{"name":"wp","href":"https:\/\/api.w.org\/{rel}","templated":true}]}}