{"id":5479,"date":"2024-12-20T16:04:05","date_gmt":"2024-12-20T15:04:05","guid":{"rendered":"https:\/\/manelfortia.com\/?page_id=5479"},"modified":"2025-10-13T20:45:53","modified_gmt":"2025-10-13T18:45:53","slug":"magali-sare-manel-fortia-6","status":"publish","type":"page","link":"https:\/\/manelfortia.com\/?page_id=5479&lang=es","title":{"rendered":"Magal\u00ed Sare &#038; Manel Forti\u00e0"},"content":{"rendered":"\n\n\n\n<div class=\"wp-block-columns is-layout-flex wp-container-core-columns-layout-1 wp-block-columns-is-layout-flex\">\n<div class=\"wp-block-column is-layout-flow wp-block-column-is-layout-flow\" style=\"flex-basis:66.66%\">\n<p><\/p>\n\n\n\n<h5 class=\"wp-block-heading\"><strong><em>RETORNAR<\/em>:<\/strong> <\/h5>\n\n\n\n<p>La cantante de Cerdanyola del Vall\u00e8s y el contrabajista de Cass\u00e0 de la Selva siguen haciendo camino juntos y nos vuelven a sorprender con un disco inspirado en los viajes mar\u00edtimos y en el intercambio cultural que \u00e9stos provocaban en tiempos pasados.<\/p>\n\n\n\n<p>Hoy en d\u00eda ya no es necesario coger un barco para ir a descubrir y aprender nuevas culturas, por eso la fuente de inspiraci\u00f3n del d\u00fao ha estado creando viajes y fusiones musicales imaginarios que dan sentido a cada una de las canciones de este disco .<\/p>\n\n\n\n<p>Volver a los or\u00edgenes despu\u00e9s de un viaje donde hemos aprendido nuevos ritmos y melod\u00edas, hace que se fortalezcan nuestras ra\u00edces y da pie a que se puedan transformar sin perder su esencia. De esta forma, sin desvincularse del momento presente, el mensaje perdura en el tiempo. Toda una declaraci\u00f3n de intenciones.<\/p>\n\n\n\n<p>Nos encontramos ante un \u00e1lbum fresco, original y maduro, donde la parte instrumental ya no s\u00f3lo est\u00e1 limitada al contrabajo de Manel Forti\u00e0 como en el disco anterior \u201cFang i Nubes\u201d (2020), sino que aqu\u00ed, la percusi\u00f3n de David Dom\u00ednguez y las flautas, las voces, el ukelele bajo y otras percusiones peque\u00f1as se suman al espectro sonoro del grupo para hacer brillar con mayor intensidad la voz de la Magal\u00ed Sare y dar car\u00e1cter a este universo sonoro de folclore iberoamericano adaptado al siglo XXI.<\/p>\n\n\n\n<figure class=\"wp-block-embed is-type-video is-provider-youtube wp-block-embed-youtube wp-embed-aspect-16-9 wp-has-aspect-ratio\"><div class=\"wp-block-embed__wrapper\">\n<iframe loading=\"lazy\" title=\"Magal\u00ed Sare &amp; Manel Forti\u00e0 - Angelitos Negros | La Terrassa\" width=\"920\" height=\"518\" src=\"https:\/\/www.youtube.com\/embed\/qGYkl_tdbHE?feature=oembed\" frameborder=\"0\" allow=\"accelerometer; autoplay; clipboard-write; encrypted-media; gyroscope; picture-in-picture; web-share\" referrerpolicy=\"strict-origin-when-cross-origin\" allowfullscreen><\/iframe>\n<\/div><\/figure>\n\n\n\n<figure class=\"wp-block-embed is-type-video is-provider-youtube wp-block-embed-youtube wp-embed-aspect-16-9 wp-has-aspect-ratio\"><div class=\"wp-block-embed__wrapper\">\n<iframe loading=\"lazy\" title=\"Acidito - Magal\u00ed Sare i Manel Forti\u00e0\" width=\"920\" height=\"518\" src=\"https:\/\/www.youtube.com\/embed\/TcI4iwL6V-4?feature=oembed\" frameborder=\"0\" allow=\"accelerometer; autoplay; clipboard-write; encrypted-media; gyroscope; picture-in-picture; web-share\" referrerpolicy=\"strict-origin-when-cross-origin\" allowfullscreen><\/iframe>\n<\/div><\/figure>\n\n\n\n<figure class=\"wp-block-embed is-type-video is-provider-youtube wp-block-embed-youtube wp-embed-aspect-16-9 wp-has-aspect-ratio\"><div class=\"wp-block-embed__wrapper\">\n<iframe loading=\"lazy\" title=\"Magali Sare &amp; Manel Fortia live at Viljandi Folk Festival 2025\" width=\"920\" height=\"518\" src=\"https:\/\/www.youtube.com\/embed\/y4hOkZZbuoU?feature=oembed\" frameborder=\"0\" allow=\"accelerometer; autoplay; clipboard-write; encrypted-media; gyroscope; picture-in-picture; web-share\" referrerpolicy=\"strict-origin-when-cross-origin\" allowfullscreen><\/iframe>\n<\/div><\/figure>\n<\/div>\n\n\n\n<div class=\"wp-block-column is-layout-flow wp-block-column-is-layout-flow\" style=\"flex-basis:33.33%\">\n<figure class=\"wp-block-image size-full\"><img loading=\"lazy\" decoding=\"async\" width=\"8268\" height=\"12403\" src=\"https:\/\/manelfortia.com\/wp-content\/uploads\/2024\/12\/magali-sare-manel-fortia-juan-miguel-morales-8-1.jpg\" alt=\"\" class=\"wp-image-5451\"\/><\/figure>\n\n\n\n<figure class=\"wp-block-image size-full\"><img loading=\"lazy\" decoding=\"async\" width=\"8268\" height=\"5512\" src=\"https:\/\/manelfortia.com\/wp-content\/uploads\/2024\/12\/magali-sare-manel-fortia-juan-miguel-morales-3-2.jpg\" alt=\"\" class=\"wp-image-5452\"\/><\/figure>\n\n\n\n<figure class=\"wp-block-embed is-type-video is-provider-youtube wp-block-embed-youtube wp-embed-aspect-16-9 wp-has-aspect-ratio\"><div class=\"wp-block-embed__wrapper\">\n<iframe loading=\"lazy\" title=\"Magal\u00ed Sare i Manel Forti\u00e0 - Senhora de Almort\u00e3o\" width=\"920\" height=\"518\" src=\"https:\/\/www.youtube.com\/embed\/kLjtLrf81fw?feature=oembed\" frameborder=\"0\" allow=\"accelerometer; autoplay; clipboard-write; encrypted-media; gyroscope; picture-in-picture; web-share\" referrerpolicy=\"strict-origin-when-cross-origin\" allowfullscreen><\/iframe>\n<\/div><\/figure>\n\n\n\n<figure class=\"wp-block-embed is-type-video is-provider-youtube wp-block-embed-youtube wp-embed-aspect-16-9 wp-has-aspect-ratio\"><div class=\"wp-block-embed__wrapper\">\n<iframe loading=\"lazy\" title=\"GUANTANAMERA - Magal\u00ed Sare &amp; Manel Forti\u00e0\" width=\"920\" height=\"518\" src=\"https:\/\/www.youtube.com\/embed\/Ej8V8mnlNO8?feature=oembed\" frameborder=\"0\" allow=\"accelerometer; autoplay; clipboard-write; encrypted-media; gyroscope; picture-in-picture; web-share\" referrerpolicy=\"strict-origin-when-cross-origin\" allowfullscreen><\/iframe>\n<\/div><\/figure>\n\n\n\n<figure class=\"wp-block-embed is-type-video is-provider-youtube wp-block-embed-youtube wp-embed-aspect-16-9 wp-has-aspect-ratio\"><div class=\"wp-block-embed__wrapper\">\n<iframe loading=\"lazy\" title=\"TORNAR (Volver) - Magal\u00ed Sare &amp; Manel Forti\u00e0 (live session)\" width=\"920\" height=\"518\" src=\"https:\/\/www.youtube.com\/embed\/HfEwBj2FDjI?feature=oembed\" frameborder=\"0\" allow=\"accelerometer; autoplay; clipboard-write; encrypted-media; gyroscope; picture-in-picture; web-share\" referrerpolicy=\"strict-origin-when-cross-origin\" allowfullscreen><\/iframe>\n<\/div><figcaption class=\"wp-element-caption\"> <span style=\"color: rgba(255, 255, 255, 0.65);\"> <\/span><\/figcaption><\/figure>\n<\/div>\n<\/div>\n\n\n\n<p><\/p>\n","protected":false},"excerpt":{"rendered":"<p>RETORNAR: La cantante de Cerdanyola del Vall\u00e8s y el contrabajista de Cass\u00e0 de la Selva siguen haciendo camino juntos y nos vuelven a sorprender con un disco inspirado en los<\/p>\n<p class=\"more-link\"><a href=\"https:\/\/manelfortia.com\/?page_id=5479&#038;lang=es\" class=\"readmore\">Seguir leyendo<svg class=\"icon icon-arrow-right\" aria-hidden=\"true\" role=\"img\"> <use href=\"#icon-arrow-right\" xlink:href=\"#icon-arrow-right\"><\/use> <\/svg><span class=\"screen-reader-text\">Magal\u00ed Sare &#038; Manel Forti\u00e0<\/span><\/a><\/p>\n","protected":false},"author":1,"featured_media":0,"parent":0,"menu_order":0,"comment_status":"closed","ping_status":"closed","template":"","meta":{"footnotes":"","_vp_format_video_url":"","_vp_image_focal_point":[]},"aioseo_notices":[],"_links":{"self":[{"href":"https:\/\/manelfortia.com\/index.php?rest_route=\/wp\/v2\/pages\/5479"}],"collection":[{"href":"https:\/\/manelfortia.com\/index.php?rest_route=\/wp\/v2\/pages"}],"about":[{"href":"https:\/\/manelfortia.com\/index.php?rest_route=\/wp\/v2\/types\/page"}],"author":[{"embeddable":true,"href":"https:\/\/manelfortia.com\/index.php?rest_route=\/wp\/v2\/users\/1"}],"replies":[{"embeddable":true,"href":"https:\/\/manelfortia.com\/index.php?rest_route=%2Fwp%2Fv2%2Fcomments&post=5479"}],"version-history":[{"count":3,"href":"https:\/\/manelfortia.com\/index.php?rest_route=\/wp\/v2\/pages\/5479\/revisions"}],"predecessor-version":[{"id":5676,"href":"https:\/\/manelfortia.com\/index.php?rest_route=\/wp\/v2\/pages\/5479\/revisions\/5676"}],"wp:attachment":[{"href":"https:\/\/manelfortia.com\/index.php?rest_route=%2Fwp%2Fv2%2Fmedia&parent=5479"}],"curies":[{"name":"wp","href":"https:\/\/api.w.org\/{rel}","templated":true}]}}