{"id":5531,"date":"2025-03-04T00:08:24","date_gmt":"2025-03-03T23:08:24","guid":{"rendered":"https:\/\/manelfortia.com\/?page_id=5531"},"modified":"2026-03-10T15:56:24","modified_gmt":"2026-03-10T14:56:24","slug":"tienda-2","status":"publish","type":"page","link":"https:\/\/manelfortia.com\/?page_id=5531&lang=es","title":{"rendered":"Tienda oficial de Manel Forti\u00e0: discos de jazz y flamenco"},"content":{"rendered":"\n<hr class=\"wp-block-separator has-alpha-channel-opacity\"\/>\n\n\n\n<div class=\"wp-block-columns alignwide is-layout-flex wp-container-core-columns-layout-1 wp-block-columns-is-layout-flex\" style=\"margin-bottom:0\">\n<div class=\"wp-block-column has-text-color has-background has-link-color wp-elements-365481a8a7995f32faeb4d54b29dd1df is-layout-flow wp-block-column-is-layout-flow\" style=\"color:#000000;background:radial-gradient(rgb(255,122,0) 0%,rgb(207,89,45) 100%);padding-top:2em;padding-right:2em;padding-bottom:2em;padding-left:2em\">\n<h2 class=\"wp-block-heading has-text-align-center has-light-gray-color has-text-color has-link-color wp-elements-afe95bbf80cb9be8db22d87ab4791e15\" style=\"font-size:24px\"><a style=\"font-weight: bold;\" href=\"https:\/\/manelfortia.bandcamp.com\/album\/al-iberian-chants\" data-type=\"link\" data-id=\"https:\/\/manelfortia.bandcamp.com\/album\/al-iberian-chants\">Lib\u00e9rica &#8211; <\/a><strong><a href=\"https:\/\/manelfortia.bandcamp.com\/album\/al-iberian-chants\" data-type=\"link\" data-id=\"https:\/\/manelfortia.bandcamp.com\/album\/al-iberian-chants\">AL\u00c9 (Iberian Chants)<\/a><\/strong><\/h2>\n\n\n\n<p class=\"has-text-align-center\"><a href=\"https:\/\/manelfortia.bandcamp.com\/album\/al-iberian-chants\" data-type=\"link\" data-id=\"https:\/\/manelfortia.bandcamp.com\/album\/al-iberian-chants\"><strong>Digital &amp; Physical CD<\/strong><\/a><\/p>\n\n\n\n<hr class=\"wp-block-separator has-text-color has-css-opacity has-background is-style-wide\" style=\"background-color:#000000;color:#000000\"\/>\n\n\n\n<figure class=\"wp-block-image size-large\"><img loading=\"lazy\" decoding=\"async\" width=\"1024\" height=\"1024\" src=\"https:\/\/manelfortia.com\/wp-content\/uploads\/2024\/12\/Liberica-4-1024x1024.jpg\" alt=\"\" class=\"wp-image-5298\" srcset=\"https:\/\/manelfortia.com\/wp-content\/uploads\/2024\/12\/Liberica-4-1024x1024.jpg 1024w, https:\/\/manelfortia.com\/wp-content\/uploads\/2024\/12\/Liberica-4-300x300.jpg 300w, https:\/\/manelfortia.com\/wp-content\/uploads\/2024\/12\/Liberica-4-150x150.jpg 150w, https:\/\/manelfortia.com\/wp-content\/uploads\/2024\/12\/Liberica-4-768x768.jpg 768w, https:\/\/manelfortia.com\/wp-content\/uploads\/2024\/12\/Liberica-4-640x640.jpg 640w, https:\/\/manelfortia.com\/wp-content\/uploads\/2024\/12\/Liberica-4-500x500.jpg 500w, https:\/\/manelfortia.com\/wp-content\/uploads\/2024\/12\/Liberica-4-800x800.jpg 800w, https:\/\/manelfortia.com\/wp-content\/uploads\/2024\/12\/Liberica-4-1280x1280.jpg 1280w, https:\/\/manelfortia.com\/wp-content\/uploads\/2024\/12\/Liberica-4-960x960.jpg 960w, https:\/\/manelfortia.com\/wp-content\/uploads\/2024\/12\/Liberica-4-140x140.jpg 140w, https:\/\/manelfortia.com\/wp-content\/uploads\/2024\/12\/Liberica-4-50x50.jpg 50w, https:\/\/manelfortia.com\/wp-content\/uploads\/2024\/12\/Liberica-4-666x666.jpg 666w, https:\/\/manelfortia.com\/wp-content\/uploads\/2024\/12\/Liberica-4-80x80.jpg 80w, https:\/\/manelfortia.com\/wp-content\/uploads\/2024\/12\/Liberica-4.jpg 1500w\" sizes=\"(max-width: 1024px) 100vw, 1024px\" \/><\/figure>\n\n\n<div\r\n\tclass=\"free wp-block-btn-button\"\tid='btnButton-1'\r\n\tdata-nonce='&quot;ddd68eae65&quot;'\r\n\tdata-attributes='{&quot;cPostId&quot;:5531,&quot;text&quot;:&quot;&lt;a href=\\&quot;https:\\\/\\\/manelfortia.bandcamp.com\\\/album\\\/al-iberian-chants\\&quot; data-type=\\&quot;link\\&quot; data-id=\\&quot;https:\\\/\\\/manelfortia.bandcamp.com\\\/album\\\/al-iberian-chants\\&quot; target=\\&quot;_blank\\&quot; rel=\\&quot;noreferrer noopener\\&quot;&gt;COMPRAR&lt;\\\/a&gt;&quot;,&quot;align&quot;:&quot;&quot;,&quot;actionType&quot;:&quot;link&quot;,&quot;security&quot;:&quot;none&quot;,&quot;securityPassword&quot;:&quot;&quot;,&quot;url&quot;:&quot;&quot;,&quot;tooltip&quot;:&quot;&quot;,&quot;tooltipPos&quot;:&quot;top&quot;,&quot;target&quot;:&quot;_self&quot;,&quot;attrs&quot;:{&quot;rel&quot;:&quot;noreferrer&quot;,&quot;referrerpolicy&quot;:&quot;no-referrer&quot;},&quot;hideOn&quot;:{&quot;desktop&quot;:false,&quot;tablet&quot;:false,&quot;mobile&quot;:false},&quot;isDownload&quot;:false,&quot;downloadFileName&quot;:&quot;&quot;,&quot;isUpIcon&quot;:false,&quot;icon&quot;:{&quot;class&quot;:&quot;fa fa-paper-plane&quot;},&quot;upIcon&quot;:{&quot;id&quot;:null,&quot;url&quot;:&quot;&quot;,&quot;alt&quot;:&quot;&quot;,&quot;title&quot;:&quot;&quot;},&quot;iconPos&quot;:&quot;left&quot;,&quot;type&quot;:&quot;flat&quot;,&quot;isFullWidth&quot;:false,&quot;size&quot;:&quot;medium&quot;,&quot;popup&quot;:{&quot;type&quot;:&quot;image&quot;,&quot;content&quot;:&quot;&quot;,&quot;caption&quot;:&quot;&quot;,&quot;width&quot;:&quot;&quot;},&quot;animationType&quot;:&quot;&quot;,&quot;animationDuration&quot;:0.4,&quot;addID&quot;:&quot;&quot;,&quot;addCSS&quot;:&quot;&quot;,&quot;alignment&quot;:&quot;center&quot;,&quot;typography&quot;:{&quot;fontSize&quot;:{&quot;desktop&quot;:16,&quot;tablet&quot;:16,&quot;mobile&quot;:16},&quot;fontWeight&quot;:600,&quot;textDecoration&quot;:&quot;none&quot;},&quot;colors&quot;:{&quot;color&quot;:&quot;#fff&quot;,&quot;bg&quot;:&quot;#4527a4&quot;},&quot;hovColors&quot;:{&quot;color&quot;:&quot;#fff&quot;,&quot;bg&quot;:&quot;#8344c5&quot;},&quot;padding&quot;:{&quot;vertical&quot;:&quot;12px&quot;,&quot;horizontal&quot;:&quot;24px&quot;},&quot;border&quot;:{&quot;radius&quot;:&quot;5px&quot;},&quot;shadow&quot;:[]}'\r\n\tdata-info='{&quot;userRoles&quot;:[],&quot;loginURL&quot;:&quot;https:\\\/\\\/manelfortia.com\\\/wp-login.php&quot;}'\r\n><\/div><\/div>\n\n\n\n<div class=\"wp-block-column has-text-color has-background has-link-color wp-elements-a5f8ca3876811eea43f22cb9944826e7 is-layout-flow wp-block-column-is-layout-flow\" style=\"color:#000000;background:radial-gradient(rgb(252,185,0) 0%,rgba(255,174,0,0.7) 100%);padding-top:2em;padding-right:2em;padding-bottom:2em;padding-left:2em\">\n<h2 class=\"wp-block-heading has-text-align-center has-light-gray-color has-text-color has-link-color wp-elements-71cf4954a2228d438706ddc11bdd5074\" style=\"font-size:24px\"><strong><a href=\"https:\/\/manelfortia.bandcamp.com\/album\/despertar\" data-type=\"link\" data-id=\"https:\/\/manelfortia.bandcamp.com\/album\/despertar\">Manel Forti\u00e0 Trio &#8211; DESPERTAR<\/a><\/strong><\/h2>\n\n\n\n<p class=\"has-text-align-center\"><a href=\"https:\/\/manelfortia.bandcamp.com\/album\/despertar\" data-type=\"link\" data-id=\"https:\/\/manelfortia.bandcamp.com\/album\/despertar\"><strong>Digital &amp; Physical CD<\/strong><\/a><\/p>\n\n\n\n<hr class=\"wp-block-separator has-css-opacity is-style-wide\"\/>\n\n\n\n<figure class=\"wp-block-image size-large\"><img loading=\"lazy\" decoding=\"async\" width=\"1024\" height=\"1024\" src=\"https:\/\/manelfortia.com\/wp-content\/uploads\/2022\/01\/DESPERTAR_digitalcover-1024x1024.jpg\" alt=\"\" class=\"wp-image-3308\" srcset=\"https:\/\/manelfortia.com\/wp-content\/uploads\/2022\/01\/DESPERTAR_digitalcover-1024x1024.jpg 1024w, https:\/\/manelfortia.com\/wp-content\/uploads\/2022\/01\/DESPERTAR_digitalcover-300x300.jpg 300w, https:\/\/manelfortia.com\/wp-content\/uploads\/2022\/01\/DESPERTAR_digitalcover-150x150.jpg 150w, https:\/\/manelfortia.com\/wp-content\/uploads\/2022\/01\/DESPERTAR_digitalcover-768x768.jpg 768w, https:\/\/manelfortia.com\/wp-content\/uploads\/2022\/01\/DESPERTAR_digitalcover-640x640.jpg 640w, https:\/\/manelfortia.com\/wp-content\/uploads\/2022\/01\/DESPERTAR_digitalcover-500x500.jpg 500w, https:\/\/manelfortia.com\/wp-content\/uploads\/2022\/01\/DESPERTAR_digitalcover-800x800.jpg 800w, https:\/\/manelfortia.com\/wp-content\/uploads\/2022\/01\/DESPERTAR_digitalcover-1280x1280.jpg 1280w, https:\/\/manelfortia.com\/wp-content\/uploads\/2022\/01\/DESPERTAR_digitalcover-960x960.jpg 960w, https:\/\/manelfortia.com\/wp-content\/uploads\/2022\/01\/DESPERTAR_digitalcover-140x140.jpg 140w, https:\/\/manelfortia.com\/wp-content\/uploads\/2022\/01\/DESPERTAR_digitalcover-50x50.jpg 50w, https:\/\/manelfortia.com\/wp-content\/uploads\/2022\/01\/DESPERTAR_digitalcover-666x666.jpg 666w, https:\/\/manelfortia.com\/wp-content\/uploads\/2022\/01\/DESPERTAR_digitalcover-80x80.jpg 80w, https:\/\/manelfortia.com\/wp-content\/uploads\/2022\/01\/DESPERTAR_digitalcover.jpg 1500w\" sizes=\"(max-width: 1024px) 100vw, 1024px\" \/><\/figure>\n\n\n<div\r\n\tclass=\"free wp-block-btn-button\"\tid='btnButton-2'\r\n\tdata-nonce='&quot;ddd68eae65&quot;'\r\n\tdata-attributes='{&quot;cPostId&quot;:5531,&quot;text&quot;:&quot;&lt;a href=\\&quot;https:\\\/\\\/manelfortia.bandcamp.com\\\/album\\\/despertar\\&quot; data-type=\\&quot;link\\&quot; data-id=\\&quot;https:\\\/\\\/manelfortia.bandcamp.com\\\/album\\\/al-iberian-chants\\&quot; target=\\&quot;_blank\\&quot; rel=\\&quot;noreferrer noopener\\&quot;&gt;COMPRAR&lt;\\\/a&gt;&quot;,&quot;align&quot;:&quot;&quot;,&quot;actionType&quot;:&quot;link&quot;,&quot;security&quot;:&quot;none&quot;,&quot;securityPassword&quot;:&quot;&quot;,&quot;url&quot;:&quot;&quot;,&quot;tooltip&quot;:&quot;&quot;,&quot;tooltipPos&quot;:&quot;top&quot;,&quot;target&quot;:&quot;_self&quot;,&quot;attrs&quot;:{&quot;rel&quot;:&quot;noreferrer&quot;,&quot;referrerpolicy&quot;:&quot;no-referrer&quot;},&quot;hideOn&quot;:{&quot;desktop&quot;:false,&quot;tablet&quot;:false,&quot;mobile&quot;:false},&quot;isDownload&quot;:false,&quot;downloadFileName&quot;:&quot;&quot;,&quot;isUpIcon&quot;:false,&quot;icon&quot;:{&quot;class&quot;:&quot;fa fa-paper-plane&quot;},&quot;upIcon&quot;:{&quot;id&quot;:null,&quot;url&quot;:&quot;&quot;,&quot;alt&quot;:&quot;&quot;,&quot;title&quot;:&quot;&quot;},&quot;iconPos&quot;:&quot;left&quot;,&quot;type&quot;:&quot;flat&quot;,&quot;isFullWidth&quot;:false,&quot;size&quot;:&quot;medium&quot;,&quot;popup&quot;:{&quot;type&quot;:&quot;image&quot;,&quot;content&quot;:&quot;&quot;,&quot;caption&quot;:&quot;&quot;,&quot;width&quot;:&quot;&quot;},&quot;animationType&quot;:&quot;&quot;,&quot;animationDuration&quot;:0.4,&quot;addID&quot;:&quot;&quot;,&quot;addCSS&quot;:&quot;&quot;,&quot;alignment&quot;:&quot;center&quot;,&quot;typography&quot;:{&quot;fontSize&quot;:{&quot;desktop&quot;:16,&quot;tablet&quot;:16,&quot;mobile&quot;:16},&quot;fontWeight&quot;:600,&quot;textDecoration&quot;:&quot;none&quot;},&quot;colors&quot;:{&quot;color&quot;:&quot;#fff&quot;,&quot;bg&quot;:&quot;#4527a4&quot;},&quot;hovColors&quot;:{&quot;color&quot;:&quot;#fff&quot;,&quot;bg&quot;:&quot;#8344c5&quot;},&quot;padding&quot;:{&quot;vertical&quot;:&quot;12px&quot;,&quot;horizontal&quot;:&quot;24px&quot;},&quot;border&quot;:{&quot;radius&quot;:&quot;5px&quot;},&quot;shadow&quot;:[]}'\r\n\tdata-info='{&quot;userRoles&quot;:[],&quot;loginURL&quot;:&quot;https:\\\/\\\/manelfortia.com\\\/wp-login.php&quot;}'\r\n><\/div><\/div>\n\n\n\n<div class=\"wp-block-column has-text-color has-background has-link-color wp-elements-3f7546eaf22fef85bcc866e594493c8d is-layout-flow wp-block-column-is-layout-flow\" style=\"color:#000000;background:radial-gradient(rgba(7,146,227,0.99) 0%,rgb(93,217,192) 100%);padding-top:2em;padding-right:2em;padding-bottom:2em;padding-left:2em\">\n<h2 class=\"wp-block-heading has-text-align-center has-light-gray-color has-text-color has-link-color wp-elements-879b1fd2f31f546c96f7732e89e1dc76\" style=\"font-size:24px\"><strong><a href=\"https:\/\/manelfortia.bandcamp.com\/album\/re-tornar\" data-type=\"link\" data-id=\"https:\/\/manelfortia.bandcamp.com\/album\/re-tornar\">Magal\u00ed Sare &amp; Manel Forti\u00e0 &#8211; RETORNAR<\/a><\/strong><\/h2>\n\n\n\n<p class=\"has-text-align-center\"><a href=\"https:\/\/manelfortia.bandcamp.com\/album\/re-tornar\"><strong>Digital &amp; Physical CD<\/strong><\/a><\/p>\n\n\n\n<hr class=\"wp-block-separator has-css-opacity is-style-wide\"\/>\n\n\n\n<figure class=\"wp-block-image size-large\"><img loading=\"lazy\" decoding=\"async\" width=\"1024\" height=\"1024\" src=\"https:\/\/manelfortia.com\/wp-content\/uploads\/2025\/04\/Retornar_Portada-1024x1024.jpg\" alt=\"\" class=\"wp-image-5551\" srcset=\"https:\/\/manelfortia.com\/wp-content\/uploads\/2025\/04\/Retornar_Portada-1024x1024.jpg 1024w, https:\/\/manelfortia.com\/wp-content\/uploads\/2025\/04\/Retornar_Portada-300x300.jpg 300w, https:\/\/manelfortia.com\/wp-content\/uploads\/2025\/04\/Retornar_Portada-150x150.jpg 150w, https:\/\/manelfortia.com\/wp-content\/uploads\/2025\/04\/Retornar_Portada-768x768.jpg 768w, https:\/\/manelfortia.com\/wp-content\/uploads\/2025\/04\/Retornar_Portada-640x640.jpg 640w, https:\/\/manelfortia.com\/wp-content\/uploads\/2025\/04\/Retornar_Portada-500x500.jpg 500w, https:\/\/manelfortia.com\/wp-content\/uploads\/2025\/04\/Retornar_Portada-800x800.jpg 800w, https:\/\/manelfortia.com\/wp-content\/uploads\/2025\/04\/Retornar_Portada-1280x1280.jpg 1280w, https:\/\/manelfortia.com\/wp-content\/uploads\/2025\/04\/Retornar_Portada-960x960.jpg 960w, https:\/\/manelfortia.com\/wp-content\/uploads\/2025\/04\/Retornar_Portada-140x140.jpg 140w, https:\/\/manelfortia.com\/wp-content\/uploads\/2025\/04\/Retornar_Portada-50x50.jpg 50w, https:\/\/manelfortia.com\/wp-content\/uploads\/2025\/04\/Retornar_Portada-666x666.jpg 666w, https:\/\/manelfortia.com\/wp-content\/uploads\/2025\/04\/Retornar_Portada-80x80.jpg 80w, https:\/\/manelfortia.com\/wp-content\/uploads\/2025\/04\/Retornar_Portada.jpg 1500w\" sizes=\"(max-width: 1024px) 100vw, 1024px\" \/><\/figure>\n\n\n<div\r\n\tclass=\"free wp-block-btn-button\"\tid='btnButton-3'\r\n\tdata-nonce='&quot;ddd68eae65&quot;'\r\n\tdata-attributes='{&quot;cPostId&quot;:5531,&quot;text&quot;:&quot;&lt;a href=\\&quot;https:\\\/\\\/manelfortia.bandcamp.com\\\/album\\\/re-tornar\\&quot; data-type=\\&quot;link\\&quot; data-id=\\&quot;https:\\\/\\\/manelfortia.bandcamp.com\\\/album\\\/re-tornar\\&quot; target=\\&quot;_blank\\&quot; rel=\\&quot;noreferrer noopener\\&quot;&gt;COMPRAR&lt;\\\/a&gt;&quot;,&quot;align&quot;:&quot;&quot;,&quot;actionType&quot;:&quot;link&quot;,&quot;security&quot;:&quot;none&quot;,&quot;securityPassword&quot;:&quot;&quot;,&quot;url&quot;:&quot;&quot;,&quot;tooltip&quot;:&quot;&quot;,&quot;tooltipPos&quot;:&quot;top&quot;,&quot;target&quot;:&quot;_self&quot;,&quot;attrs&quot;:{&quot;rel&quot;:&quot;noreferrer&quot;,&quot;referrerpolicy&quot;:&quot;no-referrer&quot;},&quot;hideOn&quot;:{&quot;desktop&quot;:false,&quot;tablet&quot;:false,&quot;mobile&quot;:false},&quot;isDownload&quot;:false,&quot;downloadFileName&quot;:&quot;&quot;,&quot;isUpIcon&quot;:false,&quot;icon&quot;:{&quot;class&quot;:&quot;fa fa-paper-plane&quot;},&quot;upIcon&quot;:{&quot;id&quot;:null,&quot;url&quot;:&quot;&quot;,&quot;alt&quot;:&quot;&quot;,&quot;title&quot;:&quot;&quot;},&quot;iconPos&quot;:&quot;left&quot;,&quot;type&quot;:&quot;flat&quot;,&quot;isFullWidth&quot;:false,&quot;size&quot;:&quot;medium&quot;,&quot;popup&quot;:{&quot;type&quot;:&quot;image&quot;,&quot;content&quot;:&quot;&quot;,&quot;caption&quot;:&quot;&quot;,&quot;width&quot;:&quot;&quot;},&quot;animationType&quot;:&quot;&quot;,&quot;animationDuration&quot;:0.4,&quot;addID&quot;:&quot;&quot;,&quot;addCSS&quot;:&quot;&quot;,&quot;alignment&quot;:&quot;center&quot;,&quot;typography&quot;:{&quot;fontSize&quot;:{&quot;desktop&quot;:16,&quot;tablet&quot;:16,&quot;mobile&quot;:16},&quot;fontWeight&quot;:600,&quot;textDecoration&quot;:&quot;none&quot;},&quot;colors&quot;:{&quot;color&quot;:&quot;#fff&quot;,&quot;bg&quot;:&quot;#4527a4&quot;},&quot;hovColors&quot;:{&quot;color&quot;:&quot;#fff&quot;,&quot;bg&quot;:&quot;#8344c5&quot;},&quot;padding&quot;:{&quot;vertical&quot;:&quot;12px&quot;,&quot;horizontal&quot;:&quot;24px&quot;},&quot;border&quot;:{&quot;radius&quot;:&quot;5px&quot;},&quot;shadow&quot;:[]}'\r\n\tdata-info='{&quot;userRoles&quot;:[],&quot;loginURL&quot;:&quot;https:\\\/\\\/manelfortia.com\\\/wp-login.php&quot;}'\r\n><\/div><\/div>\n<\/div>\n","protected":false},"excerpt":{"rendered":"<p>Lib\u00e9rica &#8211; AL\u00c9 (Iberian Chants) Digital &amp; Physical CD Manel Forti\u00e0 Trio &#8211; DESPERTAR Digital &amp; Physical CD Magal\u00ed Sare &amp; Manel Forti\u00e0 &#8211; RETORNAR Digital &amp; Physical CD<\/p>\n","protected":false},"author":1,"featured_media":0,"parent":0,"menu_order":0,"comment_status":"closed","ping_status":"closed","template":"","meta":{"footnotes":"","_vp_format_video_url":"","_vp_image_focal_point":[]},"aioseo_notices":[],"_links":{"self":[{"href":"https:\/\/manelfortia.com\/index.php?rest_route=\/wp\/v2\/pages\/5531"}],"collection":[{"href":"https:\/\/manelfortia.com\/index.php?rest_route=\/wp\/v2\/pages"}],"about":[{"href":"https:\/\/manelfortia.com\/index.php?rest_route=\/wp\/v2\/types\/page"}],"author":[{"embeddable":true,"href":"https:\/\/manelfortia.com\/index.php?rest_route=\/wp\/v2\/users\/1"}],"replies":[{"embeddable":true,"href":"https:\/\/manelfortia.com\/index.php?rest_route=%2Fwp%2Fv2%2Fcomments&post=5531"}],"version-history":[{"count":9,"href":"https:\/\/manelfortia.com\/index.php?rest_route=\/wp\/v2\/pages\/5531\/revisions"}],"predecessor-version":[{"id":5736,"href":"https:\/\/manelfortia.com\/index.php?rest_route=\/wp\/v2\/pages\/5531\/revisions\/5736"}],"wp:attachment":[{"href":"https:\/\/manelfortia.com\/index.php?rest_route=%2Fwp%2Fv2%2Fmedia&parent=5531"}],"curies":[{"name":"wp","href":"https:\/\/api.w.org\/{rel}","templated":true}]}}